{"id":8,"date":"2025-01-15T02:28:32","date_gmt":"2025-01-15T02:28:32","guid":{"rendered":"https:\/\/urbanfit.vn\/?page_id=8"},"modified":"2025-01-15T09:15:18","modified_gmt":"2025-01-15T09:15:18","slug":"gioi-thieu","status":"publish","type":"page","link":"https:\/\/urbanfit.vn\/?page_id=8","title":{"rendered":"Gi\u1edbi Thi\u1ec7u"},"content":{"rendered":"\t<section class=\"section\" id=\"section_1771550688\">\n\t\t<div class=\"bg section-bg fill bg-fill  bg-loaded\" >\n\n\t\t\t\n\t\t\t\n\t\t\t\n\n\t\t<\/div>\n\n\t\t\n\n\t\t<div class=\"section-content relative\">\n\t\t\t\n<div class=\"row align-middle\"  id=\"row-77590277\">\n\n\t<div id=\"col-1474976336\" class=\"col medium-5 small-12 large-5\"  >\n\t\t\t\t<div class=\"col-inner\"  >\n\t\t\t\n\t\t\t\n\n  <div class=\"banner has-hover\" id=\"banner-671106337\">\n          <div class=\"banner-inner fill\">\n        <div class=\"banner-bg fill\" >\n            <div class=\"bg fill bg-fill \"><\/div>\n                                    \n                    <\/div>\n\t\t\n        <div class=\"banner-layers container\">\n            <div class=\"fill banner-link\"><\/div>               <div id=\"text-box-2015316214\" class=\"text-box banner-layer x50 md-x50 lg-x50 y50 md-y50 lg-y50 res-text\">\n                     <div data-animate=\"fadeIn\">           <div class=\"text-box-content text dark\">\n              \n              <div class=\"text-inner text-center\">\n                  \n              <\/div>\n           <\/div>\n       <\/div>                     \n<style>\n#text-box-2015316214 {\n  width: 60%;\n}\n#text-box-2015316214 .text-box-content {\n  font-size: 100%;\n}\n@media (min-width:550px) {\n  #text-box-2015316214 {\n    width: 60%;\n  }\n}\n<\/style>\n    <\/div>\n         <\/div>\n      <\/div>\n\n            \n<style>\n#banner-671106337 {\n  padding-top: 400px;\n  background-color: rgb(255, 255, 255);\n}\n#banner-671106337 .bg.bg-loaded {\n  background-image: url(https:\/\/urbanfit.vn\/wp-content\/uploads\/2025\/01\/logo-urbanfit.vn_.png);\n}\n@media (min-width:550px) {\n  #banner-671106337 {\n    padding-top: 401px;\n  }\n}\n<\/style>\n  <\/div>\n\n\n\t\t<\/div>\n\t\t\t\t\t<\/div>\n\n\t\n\n\t<div id=\"col-1185993585\" class=\"col medium-7 small-12 large-7\"  >\n\t\t\t\t<div class=\"col-inner\"  >\n\t\t\t\n\t\t\t\n\t<div id=\"gap-2101951367\" class=\"gap-element clearfix\" style=\"display:block; height:auto;\">\n\t\t\n<style>\n#gap-2101951367 {\n  padding-top: 30px;\n}\n<\/style>\n\t<\/div>\n\t\n\t<div id=\"text-392166295\" class=\"text\">\n\t\t\n<h1>Gi\u1edbi thi\u1ec7u v\u1ec1 UrbanFit<\/h1>\n\t\t\n<style>\n#text-392166295 {\n  font-size: 1.55rem;\n  line-height: 0.75;\n  color: rgb(0,0,0);\n}\n#text-392166295 > * {\n  color: rgb(0,0,0);\n}\n<\/style>\n\t<\/div>\n\t\n\t<div id=\"text-2063898058\" class=\"text\">\n\t\t\n<p>Ch\u00e0o m\u1eebng b\u1ea1n \u0111\u1ebfn v\u1edbi <strong>UrbanFit<\/strong>, n\u01a1i k\u1ebft n\u1ed1i c\u1ed9ng \u0111\u1ed3ng y\u00eau th\u00edch s\u1ee9c kh\u1ecfe, th\u1ec3 h\u00ecnh v\u00e0 l\u1ed1i s\u1ed1ng l\u00e0nh m\u1ea1nh. Ch\u00fang t\u00f4i l\u00e0 n\u1ec1n t\u1ea3ng h\u00e0ng \u0111\u1ea7u d\u00e0nh ri\u00eang cho nh\u1eefng ng\u01b0\u1eddi mu\u1ed1n c\u1ea3i thi\u1ec7n ch\u1ea5t l\u01b0\u1ee3ng cu\u1ed9c s\u1ed1ng th\u00f4ng qua t\u1eadp luy\u1ec7n, dinh d\u01b0\u1ee1ng v\u00e0 s\u1ef1 c\u00e2n b\u1eb1ng trong t\u00e2m h\u1ed3n.<\/p>\n\t\t\n<style>\n#text-2063898058 {\n  color: rgb(0,0,0);\n}\n#text-2063898058 > * {\n  color: rgb(0,0,0);\n}\n<\/style>\n\t<\/div>\n\t\n\t\t<\/div>\n\t\t\t\t\n<style>\n#col-1185993585 > .col-inner {\n  padding: 0px 1% 0px 1%;\n}\n@media (min-width:550px) {\n  #col-1185993585 > .col-inner {\n    padding: 0px 2% 0px 2%;\n  }\n}\n@media (min-width:850px) {\n  #col-1185993585 > .col-inner {\n    padding: 0px 0px 0px 10%;\n  }\n}\n<\/style>\n\t<\/div>\n\n\t\n<\/div>\n<div class=\"row\"  id=\"row-2117631396\">\n\n\t<div id=\"col-1715571380\" class=\"col small-12 large-12\"  >\n\t\t\t\t<div class=\"col-inner\"  >\n\t\t\t\n\t\t\t\n\t<div id=\"text-243464587\" class=\"text\">\n\t\t\n<h2><strong>S\u1ee9 m\u1ec7nh c\u1ee7a ch\u00fang t\u00f4i<\/strong><\/h2>\n<p>T\u1ea1i <strong>UrbanFit<\/strong>, ch\u00fang t\u00f4i hi\u1ec3u r\u1eb1ng m\u1ed7i ng\u01b0\u1eddi \u0111\u1ec1u x\u1ee9ng \u0111\u00e1ng s\u1edf h\u1eefu m\u1ed9t c\u01a1 th\u1ec3 kh\u1ecfe m\u1ea1nh v\u00e0 m\u1ed9t tinh th\u1ea7n tr\u00e0n \u0111\u1ea7y n\u0103ng l\u01b0\u1ee3ng. S\u1ee9 m\u1ec7nh c\u1ee7a ch\u00fang t\u00f4i l\u00e0 cung c\u1ea5p nh\u1eefng th\u00f4ng tin h\u1eefu \u00edch, xu h\u01b0\u1edbng m\u1edbi nh\u1ea5t v\u00e0 c\u00e1c b\u00ed quy\u1ebft th\u1ef1c t\u1ebf, gi\u00fap b\u1ea1n \u0111\u1ea1t \u0111\u01b0\u1ee3c m\u1ee5c ti\u00eau v\u1ec1 s\u1ee9c kh\u1ecfe v\u00e0 phong c\u00e1ch s\u1ed1ng.<\/p>\n<hr \/>\n<h3><strong>B\u1ea1n s\u1ebd t\u00ecm th\u1ea5y g\u00ec t\u1ea1i UrbanFit?<\/strong><\/h3>\n<ul>\n<li><strong>Ki\u1ebfn th\u1ee9c t\u1eadp luy\u1ec7n v\u00e0 dinh d\u01b0\u1ee1ng<\/strong>: H\u01b0\u1edbng d\u1eabn chi ti\u1ebft t\u1eeb c\u01a1 b\u1ea3n \u0111\u1ebfn n\u00e2ng cao, ph\u00f9 h\u1ee3p v\u1edbi m\u1ecdi \u0111\u1ed1i t\u01b0\u1ee3ng t\u1eeb ng\u01b0\u1eddi m\u1edbi b\u1eaft \u0111\u1ea7u \u0111\u1ebfn chuy\u00ean gia.<\/li>\n<li><strong>L\u1ed1i s\u1ed1ng l\u00e0nh m\u1ea1nh<\/strong>: Nh\u1eefng b\u00ed quy\u1ebft \u0111\u1ec3 duy tr\u00ec s\u1ef1 c\u00e2n b\u1eb1ng gi\u1eefa c\u00f4ng vi\u1ec7c, gia \u0111\u00ecnh v\u00e0 t\u1eadp luy\u1ec7n.<\/li>\n<li><strong>C\u1ea3m h\u1ee9ng t\u1eeb c\u1ed9ng \u0111\u1ed3ng<\/strong>: Chia s\u1ebb nh\u1eefng c\u00e2u chuy\u1ec7n th\u00e0nh c\u00f4ng, \u0111\u1ed9ng l\u1ef1c t\u1eeb nh\u1eefng ng\u01b0\u1eddi \u0111\u00e3 thay \u0111\u1ed5i cu\u1ed9c s\u1ed1ng qua fitness.<\/li>\n<li><strong>C\u1eadp nh\u1eadt c\u00f4ng ngh\u1ec7 fitness<\/strong>: Review d\u1ee5ng c\u1ee5 t\u1eadp luy\u1ec7n, \u1ee9ng d\u1ee5ng h\u1ed7 tr\u1ee3 s\u1ee9c kh\u1ecfe v\u00e0 nh\u1eefng thi\u1ebft b\u1ecb hi\u1ec7n \u0111\u1ea1i gi\u00fap b\u1ea1n t\u1eadp luy\u1ec7n hi\u1ec7u qu\u1ea3 h\u01a1n.<\/li>\n<li><strong>Xu h\u01b0\u1edbng m\u1edbi nh\u1ea5t<\/strong>: T\u1eeb c\u00e1c phong c\u00e1ch t\u1eadp luy\u1ec7n \u0111\u1ed9c \u0111\u00e1o nh\u01b0 CrossFit, Yoga k\u1ebft h\u1ee3p Pilates, \u0111\u1ebfn ch\u1ebf \u0111\u1ed9 \u0103n u\u1ed1ng hi\u1ec7n \u0111\u1ea1i nh\u01b0 Eat Clean, Keto.<\/li>\n<\/ul>\n<hr \/>\n<h3><strong>V\u00ec sao n\u00ean ch\u1ecdn UrbanFit?<\/strong><\/h3>\n<ul>\n<li><strong>\u0110\u1ed9i ng\u0169 chuy\u00ean gia t\u1eadn t\u00e2m<\/strong>: C\u00e1c b\u00e0i vi\u1ebft t\u1ea1i UrbanFit \u0111\u01b0\u1ee3c th\u1ef1c hi\u1ec7n b\u1edfi nh\u1eefng chuy\u00ean gia h\u00e0ng \u0111\u1ea7u trong l\u0129nh v\u1ef1c s\u1ee9c kh\u1ecfe, th\u1ec3 h\u00ecnh v\u00e0 dinh d\u01b0\u1ee1ng, \u0111\u1ea3m b\u1ea3o mang l\u1ea1i ki\u1ebfn th\u1ee9c ch\u00ednh x\u00e1c v\u00e0 th\u1ef1c t\u1ebf.<\/li>\n<li><strong>Th\u00f4ng tin \u0111\u00e1ng tin c\u1eady<\/strong>: Ch\u00fang t\u00f4i cam k\u1ebft cung c\u1ea5p n\u1ed9i dung chu\u1ea9n x\u00e1c, c\u1eadp nh\u1eadt v\u00e0 ph\u00f9 h\u1ee3p v\u1edbi nhu c\u1ea7u th\u1ef1c t\u1ebf c\u1ee7a b\u1ea1n.<\/li>\n<li><strong>C\u1ed9ng \u0111\u1ed3ng g\u1eafn k\u1ebft<\/strong>: UrbanFit kh\u00f4ng ch\u1ec9 l\u00e0 m\u1ed9t trang web, m\u00e0 c\u00f2n l\u00e0 n\u01a1i \u0111\u1ec3 b\u1ea1n k\u1ebft n\u1ed1i v\u1edbi nh\u1eefng ng\u01b0\u1eddi c\u00f3 c\u00f9ng m\u1ee5c ti\u00eau v\u00e0 s\u1edf th\u00edch.<\/li>\n<\/ul>\n<hr \/>\n<h3><strong>H\u00e0nh tr\u00ecnh c\u1ee7a b\u1ea1n b\u1eaft \u0111\u1ea7u t\u1ea1i \u0111\u00e2y!<\/strong><\/h3>\n<p>Cho d\u00f9 b\u1ea1n \u0111ang t\u00ecm ki\u1ebfm c\u00e1ch gi\u1ea3m c\u00e2n, t\u0103ng c\u01a1, duy tr\u00ec s\u1ee9c kh\u1ecfe, hay \u0111\u01a1n gi\u1ea3n l\u00e0 s\u1ed1ng m\u1ed9t cu\u1ed9c s\u1ed1ng kh\u1ecfe m\u1ea1nh h\u01a1n, <strong>UrbanFit<\/strong> s\u1ebd l\u00e0 ng\u01b0\u1eddi b\u1ea1n \u0111\u1ed3ng h\u00e0nh \u0111\u00e1ng tin c\u1eady tr\u00ean h\u00e0nh tr\u00ecnh c\u1ee7a b\u1ea1n.<\/p>\n<p>H\u00e3y c\u00f9ng ch\u00fang t\u00f4i l\u00e0m ch\u1ee7 cu\u1ed9c s\u1ed1ng kh\u1ecfe m\u1ea1nh v\u00e0 \u0111\u00f3n \u0111\u1ea7u nh\u1eefng xu h\u01b0\u1edbng fitness m\u1edbi nh\u1ea5t!<br \/>C\u00f9ng <strong>UrbanFit<\/strong> \u2013 T\u1ea1o n\u00ean phi\u00ean b\u1ea3n t\u1ed1t nh\u1ea5t c\u1ee7a ch\u00ednh b\u1ea1n.<\/p>\n<p>\u00a0<\/p>\n\t\t\n<style>\n#text-243464587 {\n  color: rgb(0,0,0);\n}\n#text-243464587 > * {\n  color: rgb(0,0,0);\n}\n<\/style>\n\t<\/div>\n\t\n\t\t<\/div>\n\t\t\t\t\t<\/div>\n\n\t\n<\/div>\n\t\t<\/div>\n\n\t\t\n<style>\n#section_1771550688 {\n  padding-top: 30px;\n  padding-bottom: 30px;\n}\n<\/style>\n\t<\/section>\n\t\n","protected":false},"excerpt":{"rendered":"","protected":false},"author":1,"featured_media":0,"parent":0,"menu_order":0,"comment_status":"closed","ping_status":"closed","template":"page-blank.php","meta":{"footnotes":""},"class_list":["post-8","page","type-page","status-publish","hentry"],"_links":{"self":[{"href":"https:\/\/urbanfit.vn\/index.php?rest_route=\/wp\/v2\/pages\/8","targetHints":{"allow":["GET"]}}],"collection":[{"href":"https:\/\/urbanfit.vn\/index.php?rest_route=\/wp\/v2\/pages"}],"about":[{"href":"https:\/\/urbanfit.vn\/index.php?rest_route=\/wp\/v2\/types\/page"}],"author":[{"embeddable":true,"href":"https:\/\/urbanfit.vn\/index.php?rest_route=\/wp\/v2\/users\/1"}],"replies":[{"embeddable":true,"href":"https:\/\/urbanfit.vn\/index.php?rest_route=%2Fwp%2Fv2%2Fcomments&post=8"}],"version-history":[{"count":3,"href":"https:\/\/urbanfit.vn\/index.php?rest_route=\/wp\/v2\/pages\/8\/revisions"}],"predecessor-version":[{"id":74,"href":"https:\/\/urbanfit.vn\/index.php?rest_route=\/wp\/v2\/pages\/8\/revisions\/74"}],"wp:attachment":[{"href":"https:\/\/urbanfit.vn\/index.php?rest_route=%2Fwp%2Fv2%2Fmedia&parent=8"}],"curies":[{"name":"wp","href":"https:\/\/api.w.org\/{rel}","templated":true}]}}